{"id":152,"date":"2026-02-26T00:01:22","date_gmt":"2026-02-26T00:01:22","guid":{"rendered":"http:\/\/serelya-africa.net\/?page_id=152"},"modified":"2026-04-07T16:40:24","modified_gmt":"2026-04-07T16:40:24","slug":"blog","status":"publish","type":"page","link":"https:\/\/serelya-africa.net\/index.php\/blog\/","title":{"rendered":"Blog"},"content":{"rendered":"\t\t<div data-elementor-type=\"wp-page\" data-elementor-id=\"152\" class=\"elementor elementor-152\">\n\t\t\t\t<div class=\"elementor-element elementor-element-1bc68164 e-flex e-con-boxed e-con e-parent\" data-id=\"1bc68164\" data-element_type=\"container\" data-e-type=\"container\">\n\t\t\t\t\t<div class=\"e-con-inner\">\n\t\t\t\t<div class=\"elementor-element elementor-element-adff0b2 elementor-widget elementor-widget-wp-widget-recent-posts\" data-id=\"adff0b2\" data-element_type=\"widget\" data-e-type=\"widget\" data-widget_type=\"wp-widget-recent-posts.default\">\n\t\t\t\t<div class=\"elementor-widget-container\">\n\t\t\t\t\t\n\t\t\n\t\t<h5>Articles r\u00e9cents<\/h5><nav aria-label=\"Articles r\u00e9cents\">\n\t\t<ul>\n\t\t\t\t\t\t\t\t\t\t\t<li>\n\t\t\t\t\t<a href=\"https:\/\/serelya-africa.net\/index.php\/2026\/02\/27\/fecondation-in-vitro-et-medecine-de-la-fertilite-quand-la-science-redonne-vie-a-lespoir\/\">F\u00e9condation In Vitro et M\u00e9decine de la Fertilit\u00e9 : Quand la Science Redonne Vie \u00e0 l\u2019Espoir<\/a>\n\t\t\t\t\t\t\t\t\t<\/li>\n\t\t\t\t\t\t\t\t\t\t\t<li>\n\t\t\t\t\t<a href=\"https:\/\/serelya-africa.net\/index.php\/2026\/02\/27\/greffe-de-cheveux-techniques-indications-et-suivi-pour-un-resultat-naturel\/\">Greffe de Cheveux : Techniques, Indications et Suivi pour un R\u00e9sultat Naturel<\/a>\n\t\t\t\t\t\t\t\t\t<\/li>\n\t\t\t\t\t\t\t\t\t\t\t<li>\n\t\t\t\t\t<a href=\"https:\/\/serelya-africa.net\/index.php\/2026\/02\/27\/injections-en-medecine-esthetique-comprendre-les-techniques-et-leurs-applications\/\">Injections en M\u00e9decine Esth\u00e9tique : Comprendre les Techniques et leurs Applications<\/a>\n\t\t\t\t\t\t\t\t\t<\/li>\n\t\t\t\t\t\t\t\t\t\t\t<li>\n\t\t\t\t\t<a href=\"https:\/\/serelya-africa.net\/index.php\/2026\/02\/27\/soins-post-operatoires-et-suivi-apres-une-augmentation-mammaire-guide-complet-pour-une-recuperation-optimale\/\">Soins Post-Op\u00e9ratoires et Suivi apr\u00e8s une Augmentation Mammaire : Guide Complet pour une R\u00e9cup\u00e9ration Optimale<\/a>\n\t\t\t\t\t\t\t\t\t<\/li>\n\t\t\t\t\t\t\t\t\t\t\t<li>\n\t\t\t\t\t<a href=\"https:\/\/serelya-africa.net\/index.php\/2026\/02\/27\/comprendre-les-differentes-techniques-daugmentation-mammaire-guide-pedagogique-pour-patients\/\">Comprendre les Diff\u00e9rentes Techniques d\u2019Augmentation Mammaire : Guide P\u00e9dagogique pour Patients<\/a>\n\t\t\t\t\t\t\t\t\t<\/li>\n\t\t\t\t\t\t\t\t\t\t\t<li>\n\t\t\t\t\t<a href=\"https:\/\/serelya-africa.net\/index.php\/2026\/02\/27\/preparer-son-corps-et-son-esprit-pour-la-chirurgie-esthetique-cles-pour-une-recuperation-optimale\/\">Pr\u00e9parer son Corps et son Esprit pour la Chirurgie Esth\u00e9tique : Cl\u00e9s pour une R\u00e9cup\u00e9ration Optimale<\/a>\n\t\t\t\t\t\t\t\t\t<\/li>\n\t\t\t\t\t\t\t\t\t\t\t<li>\n\t\t\t\t\t<a href=\"https:\/\/serelya-africa.net\/index.php\/2026\/02\/27\/votre-voyage-esthetique-zero-stress-protocole-complet-de-preparation-et-de-suivi-post-operatoire-pour-patients-internationaux\/\">Votre Voyage Esth\u00e9tique Z\u00e9ro Stress : Protocole Complet de Pr\u00e9paration et de Suivi Post-Op\u00e9ratoire pour Patients Internationaux<\/a>\n\t\t\t\t\t\t\t\t\t<\/li>\n\t\t\t\t\t\t\t\t\t\t\t<li>\n\t\t\t\t\t<a href=\"https:\/\/serelya-africa.net\/index.php\/2026\/02\/27\/tourisme-medical-esthetique-comment-profiter-des-techniques-mini-invasives-sans-interrompre-votre-vie-professionnelle\/\">Tourisme M\u00e9dical Esth\u00e9tique : Comment Profiter des Techniques Mini-Invasives Sans Interrompre Votre Vie Professionnelle<\/a>\n\t\t\t\t\t\t\t\t\t<\/li>\n\t\t\t\t\t\t\t\t\t\t\t<li>\n\t\t\t\t\t<a href=\"https:\/\/serelya-africa.net\/index.php\/2026\/02\/27\/naturel-harmonieux-subtil-la-revolution-silencieuse-de-lesthetique-en-202511-radiologie-imagerie-medicale\/\">Naturel, Harmonieux, Subtil : La R\u00e9volution Silencieuse de l&rsquo;Esth\u00e9tique en 202511. Radiologie &amp; Imagerie m\u00e9dicale<\/a>\n\t\t\t\t\t\t\t\t\t<\/li>\n\t\t\t\t\t\t\t\t\t\t\t<li>\n\t\t\t\t\t<a href=\"https:\/\/serelya-africa.net\/index.php\/2026\/02\/27\/personnalisation-extreme-comment-votre-visage-unique-merite-une-approche-sur-mesure\/\">Personnalisation Extr\u00eame : Comment Votre Visage Unique M\u00e9rite une Approche Sur-Mesure<\/a>\n\t\t\t\t\t\t\t\t\t<\/li>\n\t\t\t\t\t<\/ul>\n\n\t\t<\/nav>\t\t\t\t<\/div>\n\t\t\t\t<\/div>\n\t\t\t\t\t<\/div>\n\t\t\t\t<\/div>\n\t\t\t\t<\/div>\n\t\t","protected":false},"excerpt":{"rendered":"","protected":false},"author":1,"featured_media":0,"parent":0,"menu_order":0,"comment_status":"closed","ping_status":"closed","template":"","meta":{"site-sidebar-layout":"no-sidebar","site-content-layout":"","ast-site-content-layout":"default","site-content-style":"default","site-sidebar-style":"default","ast-global-header-display":"","ast-banner-title-visibility":"","ast-main-header-display":"","ast-hfb-above-header-display":"","ast-hfb-below-header-display":"","ast-hfb-mobile-header-display":"","site-post-title":"disabled","ast-breadcrumbs-content":"","ast-featured-img":"disabled","footer-sml-layout":"","ast-disable-related-posts":"","theme-transparent-header-meta":"","adv-header-id-meta":"","stick-header-meta":"","header-above-stick-meta":"","header-main-stick-meta":"","header-below-stick-meta":"","astra-migrate-meta-layouts":"set","ast-page-background-enabled":"default","ast-page-background-meta":{"desktop":{"background-color":"","background-image":"","background-repeat":"repeat","background-position":"center center","background-size":"auto","background-attachment":"scroll","background-type":"","background-media":"","overlay-type":"","overlay-color":"","overlay-opacity":"","overlay-gradient":""},"tablet":{"background-color":"","background-image":"","background-repeat":"repeat","background-position":"center center","background-size":"auto","background-attachment":"scroll","background-type":"","background-media":"","overlay-type":"","overlay-color":"","overlay-opacity":"","overlay-gradient":""},"mobile":{"background-color":"","background-image":"","background-repeat":"repeat","background-position":"center center","background-size":"auto","background-attachment":"scroll","background-type":"","background-media":"","overlay-type":"","overlay-color":"","overlay-opacity":"","overlay-gradient":""}},"ast-content-background-meta":{"desktop":{"background-color":"var(--ast-global-color-5)","background-image":"","background-repeat":"repeat","background-position":"center center","background-size":"auto","background-attachment":"scroll","background-type":"","background-media":"","overlay-type":"","overlay-color":"","overlay-opacity":"","overlay-gradient":""},"tablet":{"background-color":"var(--ast-global-color-5)","background-image":"","background-repeat":"repeat","background-position":"center center","background-size":"auto","background-attachment":"scroll","background-type":"","background-media":"","overlay-type":"","overlay-color":"","overlay-opacity":"","overlay-gradient":""},"mobile":{"background-color":"var(--ast-global-color-5)","background-image":"","background-repeat":"repeat","background-position":"center center","background-size":"auto","background-attachment":"scroll","background-type":"","background-media":"","overlay-type":"","overlay-color":"","overlay-opacity":"","overlay-gradient":""}},"footnotes":""},"class_list":["post-152","page","type-page","status-publish","hentry"],"_links":{"self":[{"href":"https:\/\/serelya-africa.net\/index.php\/wp-json\/wp\/v2\/pages\/152","targetHints":{"allow":["GET"]}}],"collection":[{"href":"https:\/\/serelya-africa.net\/index.php\/wp-json\/wp\/v2\/pages"}],"about":[{"href":"https:\/\/serelya-africa.net\/index.php\/wp-json\/wp\/v2\/types\/page"}],"author":[{"embeddable":true,"href":"https:\/\/serelya-africa.net\/index.php\/wp-json\/wp\/v2\/users\/1"}],"replies":[{"embeddable":true,"href":"https:\/\/serelya-africa.net\/index.php\/wp-json\/wp\/v2\/comments?post=152"}],"version-history":[{"count":5,"href":"https:\/\/serelya-africa.net\/index.php\/wp-json\/wp\/v2\/pages\/152\/revisions"}],"predecessor-version":[{"id":695,"href":"https:\/\/serelya-africa.net\/index.php\/wp-json\/wp\/v2\/pages\/152\/revisions\/695"}],"wp:attachment":[{"href":"https:\/\/serelya-africa.net\/index.php\/wp-json\/wp\/v2\/media?parent=152"}],"curies":[{"name":"wp","href":"https:\/\/api.w.org\/{rel}","templated":true}]}}