{"id":214,"date":"2026-02-26T00:15:39","date_gmt":"2026-02-26T00:15:39","guid":{"rendered":"http:\/\/serelya-africa.net\/index.php\/formules-2\/"},"modified":"2026-04-07T16:37:01","modified_gmt":"2026-04-07T16:37:01","slug":"formules-2","status":"publish","type":"page","link":"https:\/\/serelya-africa.net\/index.php\/formules-2\/","title":{"rendered":"formules"},"content":{"rendered":"\t\t<div data-elementor-type=\"wp-page\" data-elementor-id=\"214\" class=\"elementor elementor-214\">\n\t\t\t\t<div class=\"elementor-element elementor-element-65f4ec99 e-flex e-con-boxed e-con e-parent\" data-id=\"65f4ec99\" data-element_type=\"container\" data-e-type=\"container\">\n\t\t\t\t\t<div class=\"e-con-inner\">\n\t\t\t\t<div class=\"elementor-element elementor-element-5606640 elementor-widget elementor-widget-heading\" data-id=\"5606640\" data-element_type=\"widget\" data-e-type=\"widget\" data-widget_type=\"heading.default\">\n\t\t\t\t\t<h2 class=\"elementor-heading-title elementor-size-default\">Nos formules d\u2019accompagnement<\/h2>\t\t\t\t<\/div>\n\t\t\t\t\t<\/div>\n\t\t\t\t<\/div>\n\t\t<div class=\"elementor-element elementor-element-e392a15 e-flex e-con-boxed e-con e-parent\" data-id=\"e392a15\" data-element_type=\"container\" data-e-type=\"container\">\n\t\t\t\t\t<div class=\"e-con-inner\">\n\t\t<div class=\"elementor-element elementor-element-13e7c890 e-grid e-con-full e-con e-child\" data-id=\"13e7c890\" data-element_type=\"container\" data-e-type=\"container\">\n\t\t<div class=\"elementor-element elementor-element-66b0e2a2 e-con-full e-flex e-con e-child\" data-id=\"66b0e2a2\" data-element_type=\"container\" data-e-type=\"container\">\n\t\t<div class=\"elementor-element elementor-element-2869e52e e-con-full e-flex e-con e-child\" data-id=\"2869e52e\" data-element_type=\"container\" data-e-type=\"container\" data-settings=\"{&quot;background_background&quot;:&quot;classic&quot;}\">\n\t\t\t\t<div class=\"elementor-element elementor-element-746bb471 elementor-widget elementor-widget-image\" data-id=\"746bb471\" data-element_type=\"widget\" data-e-type=\"widget\" data-widget_type=\"image.default\">\n\t\t\t\t\t\t\t\t\t\t\t\t\t\t\t<img decoding=\"async\" width=\"205\" height=\"237\" src=\"https:\/\/serelya-africa.net\/wp-content\/uploads\/2026\/02\/Capture_d_ecran_2025-09-16_011545-removebg-preview.png\" class=\"attachment-large size-large wp-image-46\" alt=\"\" \/>\t\t\t\t\t\t\t\t\t\t\t\t\t\t\t<\/div>\n\t\t\t\t<div class=\"elementor-element elementor-element-78c7637f elementor-widget__width-initial elementor-widget elementor-widget-heading\" data-id=\"78c7637f\" data-element_type=\"widget\" data-e-type=\"widget\" data-widget_type=\"heading.default\">\n\t\t\t\t\t<p class=\"elementor-heading-title elementor-size-default\">Essentielle<\/p>\t\t\t\t<\/div>\n\t\t\t\t<\/div>\n\t\t\t\t<div class=\"elementor-element elementor-element-166b4bcf elementor-widget elementor-widget-text-editor\" data-id=\"166b4bcf\" data-element_type=\"widget\" data-e-type=\"widget\" data-widget_type=\"text-editor.default\">\n\t\t\t\t\t\t\t\t\t<p style=\"text-align: center;\"><strong>L\u2019efficacit\u00e9 au meilleur prix.<\/strong><\/p><ul><li>Accueil &amp; transferts standards<\/li><li>H\u00e9bergement 3* ou appart-hotel<\/li><li>Gestion administrative m\u00e9dicale<\/li><li>Assistance t\u00e9l\u00e9phonique (heures ouvrables)<br \/><em>Id\u00e9ale pour les patients autonomes et pragmatiques.<\/em><\/li><\/ul>\t\t\t\t\t\t\t\t<\/div>\n\t\t\t\t<\/div>\n\t\t<div class=\"elementor-element elementor-element-546e6d36 e-con-full e-flex e-con e-child\" data-id=\"546e6d36\" data-element_type=\"container\" data-e-type=\"container\">\n\t\t<div class=\"elementor-element elementor-element-7e4d1213 e-con-full e-flex e-con e-child\" data-id=\"7e4d1213\" data-element_type=\"container\" data-e-type=\"container\" data-settings=\"{&quot;background_background&quot;:&quot;classic&quot;}\">\n\t\t\t\t<div class=\"elementor-element elementor-element-423d42d7 elementor-widget elementor-widget-image\" data-id=\"423d42d7\" data-element_type=\"widget\" data-e-type=\"widget\" data-widget_type=\"image.default\">\n\t\t\t\t\t\t\t\t\t\t\t\t\t\t\t<img decoding=\"async\" width=\"215\" height=\"229\" src=\"https:\/\/serelya-africa.net\/wp-content\/uploads\/2026\/02\/Capture_d_ecran_2025-09-16_011555-removebg-preview.png\" class=\"attachment-large size-large wp-image-47\" alt=\"\" \/>\t\t\t\t\t\t\t\t\t\t\t\t\t\t\t<\/div>\n\t\t\t\t<div class=\"elementor-element elementor-element-6121e014 elementor-widget__width-initial elementor-widget elementor-widget-heading\" data-id=\"6121e014\" data-element_type=\"widget\" data-e-type=\"widget\" data-widget_type=\"heading.default\">\n\t\t\t\t\t<p class=\"elementor-heading-title elementor-size-default\">Confort <\/p>\t\t\t\t<\/div>\n\t\t\t\t<\/div>\n\t\t\t\t<div class=\"elementor-element elementor-element-76cb7059 elementor-widget elementor-widget-text-editor\" data-id=\"76cb7059\" data-element_type=\"widget\" data-e-type=\"widget\" data-widget_type=\"text-editor.default\">\n\t\t\t\t\t\t\t\t\t<p style=\"text-align: center;\"><strong>L\u2019\u00e9quilibre entre soins, confort et d\u00e9couverte.<\/strong><\/p><ul><li style=\"list-style-type: none;\"><ul><li>Transferts priv\u00e9s avec chauffeur<\/li><li>H\u00e9bergement 4* ou 5*<\/li><li>Assistance patient 7j\/7 (horaires \u00e9tendus)<\/li><li>Interpr\u00e8te pour les RDV m\u00e9dicaux<\/li><li>1\u20132 <strong>s\u00e9ances bien-\u00eatre<\/strong> incluses (spa\/hammam\/massages)<\/li><li><strong>Excursion d\u00e9couverte<\/strong> (\u00bd journ\u00e9e)<br \/><em>Parfaite pour combiner soins et voyage.<\/em><\/li><\/ul><\/li><\/ul>\t\t\t\t\t\t\t\t<\/div>\n\t\t\t\t<\/div>\n\t\t<div class=\"elementor-element elementor-element-6144a5ca e-con-full e-flex e-con e-child\" data-id=\"6144a5ca\" data-element_type=\"container\" data-e-type=\"container\">\n\t\t<div class=\"elementor-element elementor-element-13d3bee2 e-con-full e-flex e-con e-child\" data-id=\"13d3bee2\" data-element_type=\"container\" data-e-type=\"container\" data-settings=\"{&quot;background_background&quot;:&quot;classic&quot;}\">\n\t\t\t\t<div class=\"elementor-element elementor-element-5756c16e elementor-widget elementor-widget-image\" data-id=\"5756c16e\" data-element_type=\"widget\" data-e-type=\"widget\" data-widget_type=\"image.default\">\n\t\t\t\t\t\t\t\t\t\t\t\t\t\t\t<img decoding=\"async\" width=\"216\" height=\"220\" src=\"https:\/\/serelya-africa.net\/wp-content\/uploads\/2026\/02\/Capture_d_ecran_2025-09-16_011606-removebg-preview.png\" class=\"attachment-large size-large wp-image-48\" alt=\"\" \/>\t\t\t\t\t\t\t\t\t\t\t\t\t\t\t<\/div>\n\t\t\t\t<div class=\"elementor-element elementor-element-2b768e71 elementor-widget__width-initial elementor-widget elementor-widget-heading\" data-id=\"2b768e71\" data-element_type=\"widget\" data-e-type=\"widget\" data-widget_type=\"heading.default\">\n\t\t\t\t\t<p class=\"elementor-heading-title elementor-size-default\">Signature<\/p>\t\t\t\t<\/div>\n\t\t\t\t<\/div>\n\t\t\t\t<div class=\"elementor-element elementor-element-1699abb3 elementor-widget elementor-widget-text-editor\" data-id=\"1699abb3\" data-element_type=\"widget\" data-e-type=\"widget\" data-widget_type=\"text-editor.default\">\n\t\t\t\t\t\t\t\t\t<p style=\"text-align: center;\"><strong>L\u2019exp\u00e9rience VIP, sans compromis.<\/strong><\/p><ul><li style=\"list-style-type: none;\"><ul><li><strong>Fast track &amp; lounge<\/strong> a\u00e9roport<\/li><li>Chauffeur priv\u00e9 et <strong>v\u00e9hicule de luxe d\u00e9di\u00e9<\/strong><\/li><li>Suite pr\u00e9sidentielle ou <strong>villa priv\u00e9e<\/strong><\/li><li><strong>Concierge m\u00e9dical 24\/7<\/strong><\/li><li>Interpr\u00e8te personnel<\/li><li><strong>Bien-\u00eatre illimit\u00e9<\/strong> (spa, coach, di\u00e9t\u00e9tique)<\/li><li><strong>Excursions sur mesure<\/strong> privatis\u00e9es<br \/><em>Une prise en charge d\u2019exception pour celles et ceux qui recherchent l\u2019exclusivit\u00e9.<\/em><\/li><\/ul><\/li><\/ul>\t\t\t\t\t\t\t\t<\/div>\n\t\t\t\t<\/div>\n\t\t\t\t<\/div>\n\t\t\t\t\t<\/div>\n\t\t\t\t<\/div>\n\t\t\t\t<\/div>\n\t\t","protected":false},"excerpt":{"rendered":"<p>Nos formules d\u2019accompagnement Essentielle L\u2019efficacit\u00e9 au meilleur prix. Accueil &amp; transferts standards H\u00e9bergement 3* ou appart-hotel Gestion administrative m\u00e9dicale Assistance t\u00e9l\u00e9phonique (heures ouvrables)Id\u00e9ale pour les patients autonomes et pragmatiques. Confort L\u2019\u00e9quilibre entre soins, confort et d\u00e9couverte. Transferts priv\u00e9s avec chauffeur H\u00e9bergement 4* ou 5* Assistance patient 7j\/7 (horaires \u00e9tendus) Interpr\u00e8te pour les RDV m\u00e9dicaux 1\u20132 [&hellip;]<\/p>\n","protected":false},"author":1,"featured_media":0,"parent":0,"menu_order":0,"comment_status":"closed","ping_status":"closed","template":"","meta":{"site-sidebar-layout":"no-sidebar","site-content-layout":"page-builder","ast-site-content-layout":"full-width-container","site-content-style":"unboxed","site-sidebar-style":"unboxed","ast-global-header-display":"","ast-banner-title-visibility":"","ast-main-header-display":"","ast-hfb-above-header-display":"","ast-hfb-below-header-display":"","ast-hfb-mobile-header-display":"","site-post-title":"disabled","ast-breadcrumbs-content":"","ast-featured-img":"disabled","footer-sml-layout":"","ast-disable-related-posts":"","theme-transparent-header-meta":"","adv-header-id-meta":"","stick-header-meta":"","header-above-stick-meta":"","header-main-stick-meta":"","header-below-stick-meta":"","astra-migrate-meta-layouts":"set","ast-page-background-enabled":"default","ast-page-background-meta":null,"ast-content-background-meta":null,"footnotes":""},"class_list":["post-214","page","type-page","status-publish","hentry"],"_links":{"self":[{"href":"https:\/\/serelya-africa.net\/index.php\/wp-json\/wp\/v2\/pages\/214","targetHints":{"allow":["GET"]}}],"collection":[{"href":"https:\/\/serelya-africa.net\/index.php\/wp-json\/wp\/v2\/pages"}],"about":[{"href":"https:\/\/serelya-africa.net\/index.php\/wp-json\/wp\/v2\/types\/page"}],"author":[{"embeddable":true,"href":"https:\/\/serelya-africa.net\/index.php\/wp-json\/wp\/v2\/users\/1"}],"replies":[{"embeddable":true,"href":"https:\/\/serelya-africa.net\/index.php\/wp-json\/wp\/v2\/comments?post=214"}],"version-history":[{"count":7,"href":"https:\/\/serelya-africa.net\/index.php\/wp-json\/wp\/v2\/pages\/214\/revisions"}],"predecessor-version":[{"id":690,"href":"https:\/\/serelya-africa.net\/index.php\/wp-json\/wp\/v2\/pages\/214\/revisions\/690"}],"wp:attachment":[{"href":"https:\/\/serelya-africa.net\/index.php\/wp-json\/wp\/v2\/media?parent=214"}],"curies":[{"name":"wp","href":"https:\/\/api.w.org\/{rel}","templated":true}]}}