{"id":220,"date":"2026-02-26T00:15:39","date_gmt":"2026-02-26T00:15:39","guid":{"rendered":"http:\/\/serelya-africa.net\/index.php\/faqs-2\/"},"modified":"2026-04-07T16:38:58","modified_gmt":"2026-04-07T16:38:58","slug":"faqs-2","status":"publish","type":"page","link":"https:\/\/serelya-africa.net\/index.php\/faqs-2\/","title":{"rendered":"FAQs"},"content":{"rendered":"\t\t<div data-elementor-type=\"wp-page\" data-elementor-id=\"220\" class=\"elementor elementor-220\">\n\t\t\t\t<div class=\"elementor-element elementor-element-366b023f e-flex e-con-boxed e-con e-parent\" data-id=\"366b023f\" data-element_type=\"container\" data-e-type=\"container\">\n\t\t\t\t\t<div class=\"e-con-inner\">\n\t\t\t\t<div class=\"elementor-element elementor-element-2878d217 elementor-widget elementor-widget-text-editor\" data-id=\"2878d217\" data-element_type=\"widget\" data-e-type=\"widget\" data-widget_type=\"text-editor.default\">\n\t\t\t\t\t\t\t\t\t<p><strong>Comment obtenir un devis ?<\/strong><br \/>Remplissez le formulaire en ligne. Un conseiller vous contacte sous 24\u201348h pour pr\u00e9ciser vos besoins et documents n\u00e9cessaires.<\/p><p><strong>Puis-je choisir mon chirurgien ou ma clinique ?<\/strong><br \/>Oui, nous pr\u00e9sentons des options accr\u00e9dit\u00e9es. La d\u00e9cision finale vous appartient, apr\u00e8s avis m\u00e9dical.<\/p><p><strong>Quid des d\u00e9lais et de la pr\u00e9paration ?<\/strong><br \/>Nous planifions vos examens pr\u00e9alables. Pour certains actes esth\u00e9tiques, un <strong>d\u00e9lai de r\u00e9flexion<\/strong> est respect\u00e9 avant l\u2019intervention.<\/p><p><strong>Et si je ne parle pas la langue locale ?<\/strong><br \/>Interpr\u00e9tariat pour les RDV et documents m\u00e9dicaux.<\/p><p><strong>Quels h\u00e9bergements sont propos\u00e9s ?<\/strong><br \/>S\u00e9lection 3*\/4*\/5*, suites adapt\u00e9es \u00e0 la convalescence ; possibilit\u00e9s de villa priv\u00e9e (Signature).<\/p><p><strong>Comment sont g\u00e9r\u00e9es mes donn\u00e9es de sant\u00e9 ?<\/strong><br \/>Donn\u00e9es <strong>minimis\u00e9es<\/strong>, chiffr\u00e9es, h\u00e9berg\u00e9es dans l\u2019EEE par un prestataire certifi\u00e9. Acc\u00e8s restreint et tra\u00e7abilit\u00e9.<\/p><p><strong>Que se passe-t-il en cas d\u2019impr\u00e9vu m\u00e9dical ?<\/strong><br \/>Proc\u00e9dures de prise en charge et d\u2019assistance pr\u00e9vues avec la clinique partenaire ; options d\u2019<strong>assurance<\/strong> recommand\u00e9es.<\/p><p><strong>Avez-vous des offres pour entreprises ?<\/strong><br \/>Oui : <strong>check-ups executives<\/strong> avec parcours compact et confidentiel.<\/p><p><strong>Puis-je venir accompagn\u00e9(e) ?<\/strong><br \/>Oui, nous proposons des options d\u2019h\u00e9bergement et transferts pour accompagnants.<\/p><p><strong>Quels paiements acceptez-vous ?<\/strong><br \/>Virement, cartes, modalit\u00e9s selon pays\/\u00e9tablissement ; devis d\u00e9taill\u00e9 avant tout engagement.<\/p>\t\t\t\t\t\t\t\t<\/div>\n\t\t\t\t\t<\/div>\n\t\t\t\t<\/div>\n\t\t\t\t<\/div>\n\t\t","protected":false},"excerpt":{"rendered":"<p>Comment obtenir un devis ?Remplissez le formulaire en ligne. Un conseiller vous contacte sous 24\u201348h pour pr\u00e9ciser vos besoins et documents n\u00e9cessaires. Puis-je choisir mon chirurgien ou ma clinique ?Oui, nous pr\u00e9sentons des options accr\u00e9dit\u00e9es. La d\u00e9cision finale vous appartient, apr\u00e8s avis m\u00e9dical. Quid des d\u00e9lais et de la pr\u00e9paration ?Nous planifions vos examens pr\u00e9alables. [&hellip;]<\/p>\n","protected":false},"author":1,"featured_media":0,"parent":0,"menu_order":0,"comment_status":"closed","ping_status":"closed","template":"","meta":{"site-sidebar-layout":"no-sidebar","site-content-layout":"page-builder","ast-site-content-layout":"full-width-container","site-content-style":"unboxed","site-sidebar-style":"unboxed","ast-global-header-display":"","ast-banner-title-visibility":"","ast-main-header-display":"","ast-hfb-above-header-display":"","ast-hfb-below-header-display":"","ast-hfb-mobile-header-display":"","site-post-title":"disabled","ast-breadcrumbs-content":"","ast-featured-img":"disabled","footer-sml-layout":"","ast-disable-related-posts":"","theme-transparent-header-meta":"","adv-header-id-meta":"","stick-header-meta":"","header-above-stick-meta":"","header-main-stick-meta":"","header-below-stick-meta":"","astra-migrate-meta-layouts":"set","ast-page-background-enabled":"default","ast-page-background-meta":{"desktop":{"background-color":"","background-image":"","background-repeat":"repeat","background-position":"center center","background-size":"auto","background-attachment":"scroll","background-type":"","background-media":"","overlay-type":"","overlay-color":"","overlay-opacity":"","overlay-gradient":""},"tablet":{"background-color":"","background-image":"","background-repeat":"repeat","background-position":"center center","background-size":"auto","background-attachment":"scroll","background-type":"","background-media":"","overlay-type":"","overlay-color":"","overlay-opacity":"","overlay-gradient":""},"mobile":{"background-color":"","background-image":"","background-repeat":"repeat","background-position":"center center","background-size":"auto","background-attachment":"scroll","background-type":"","background-media":"","overlay-type":"","overlay-color":"","overlay-opacity":"","overlay-gradient":""}},"ast-content-background-meta":{"desktop":{"background-color":"var(--ast-global-color-5)","background-image":"","background-repeat":"repeat","background-position":"center center","background-size":"auto","background-attachment":"scroll","background-type":"","background-media":"","overlay-type":"","overlay-color":"","overlay-opacity":"","overlay-gradient":""},"tablet":{"background-color":"var(--ast-global-color-5)","background-image":"","background-repeat":"repeat","background-position":"center center","background-size":"auto","background-attachment":"scroll","background-type":"","background-media":"","overlay-type":"","overlay-color":"","overlay-opacity":"","overlay-gradient":""},"mobile":{"background-color":"var(--ast-global-color-5)","background-image":"","background-repeat":"repeat","background-position":"center center","background-size":"auto","background-attachment":"scroll","background-type":"","background-media":"","overlay-type":"","overlay-color":"","overlay-opacity":"","overlay-gradient":""}},"footnotes":""},"class_list":["post-220","page","type-page","status-publish","hentry"],"_links":{"self":[{"href":"https:\/\/serelya-africa.net\/index.php\/wp-json\/wp\/v2\/pages\/220","targetHints":{"allow":["GET"]}}],"collection":[{"href":"https:\/\/serelya-africa.net\/index.php\/wp-json\/wp\/v2\/pages"}],"about":[{"href":"https:\/\/serelya-africa.net\/index.php\/wp-json\/wp\/v2\/types\/page"}],"author":[{"embeddable":true,"href":"https:\/\/serelya-africa.net\/index.php\/wp-json\/wp\/v2\/users\/1"}],"replies":[{"embeddable":true,"href":"https:\/\/serelya-africa.net\/index.php\/wp-json\/wp\/v2\/comments?post=220"}],"version-history":[{"count":14,"href":"https:\/\/serelya-africa.net\/index.php\/wp-json\/wp\/v2\/pages\/220\/revisions"}],"predecessor-version":[{"id":694,"href":"https:\/\/serelya-africa.net\/index.php\/wp-json\/wp\/v2\/pages\/220\/revisions\/694"}],"wp:attachment":[{"href":"https:\/\/serelya-africa.net\/index.php\/wp-json\/wp\/v2\/media?parent=220"}],"curies":[{"name":"wp","href":"https:\/\/api.w.org\/{rel}","templated":true}]}}