{"id":229,"date":"2026-02-26T00:15:39","date_gmt":"2026-02-26T00:15:39","guid":{"rendered":"http:\/\/serelya-africa.net\/index.php\/a-propos-2\/"},"modified":"2026-04-07T16:17:18","modified_gmt":"2026-04-07T16:17:18","slug":"a-propos-2","status":"publish","type":"page","link":"https:\/\/serelya-africa.net\/index.php\/a-propos-2\/","title":{"rendered":"\u00c0 propos"},"content":{"rendered":"\t\t<div data-elementor-type=\"wp-post\" data-elementor-id=\"229\" class=\"elementor elementor-229\">\n\t\t\t\t<div class=\"elementor-element elementor-element-4ab864d7 e-flex e-con-boxed e-con e-parent\" data-id=\"4ab864d7\" data-element_type=\"container\" data-e-type=\"container\">\n\t\t\t\t\t<div class=\"e-con-inner\">\n\t\t\t\t<div class=\"elementor-element elementor-element-4d227a54 elementor-widget elementor-widget-text-editor\" data-id=\"4d227a54\" data-element_type=\"widget\" data-e-type=\"widget\" data-widget_type=\"text-editor.default\">\n\t\t\t\t\t\t\t\t\t<h4><strong>Vision &amp; promesse<\/strong><\/h4><p>Fond\u00e9e par des experts du conseil et de l\u2019accompagnement international, <strong>SERELYA<\/strong> s\u2019adresse aux patients qui cherchent une <strong>alternative d\u2019excellence<\/strong> pour leurs soins <strong>d\u2019esth\u00e9tique<\/strong>, <strong>dentaires<\/strong>, <strong>ophtalmologiques<\/strong> et de <strong>m\u00e9decine esth\u00e9tique<\/strong>.<br \/>Nous collaborons exclusivement avec des <strong>cliniques certifi\u00e9es<\/strong>, des <strong>m\u00e9decins de renomm\u00e9e<\/strong> et des <strong>partenaires h\u00f4teliers haut de gamme<\/strong>.<\/p><h4><strong>Notre r\u00f4le\u00a0<\/strong><\/h4><ul><li><strong>S\u00e9lection<\/strong> des meilleures options m\u00e9dicales et \u00e9tablissements accr\u00e9dit\u00e9s.<\/li><li><strong>Encadrement administratif et logistique<\/strong> : devis, plannings, transferts.<\/li><li><strong>Accompagnement personnalis\u00e9<\/strong> : avant, pendant et apr\u00e8s le s\u00e9jour.<\/li><\/ul><p><strong>SERELYA<\/strong>, c\u2019est la garantie d\u2019un <strong>parcours ma\u00eetris\u00e9, s\u00e9curis\u00e9 et serein<\/strong>.<\/p><h4><strong>Nos valeurs\u00a0<\/strong><\/h4><ul><li><strong>Excellence m\u00e9dicale<\/strong> \u2013 s\u00e9lection stricte des praticiens et cliniques certifi\u00e9es.<\/li><li><strong>Confiance &amp; transparence<\/strong> \u2013 devis clairs, information loyale, z\u00e9ro frais cach\u00e9.<\/li><li><strong>S\u00e9r\u00e9nit\u00e9 totale<\/strong> \u2013 nous anticipons et organisons chaque \u00e9tape.<\/li><\/ul>\t\t\t\t\t\t\t\t<\/div>\n\t\t\t\t\t<\/div>\n\t\t\t\t<\/div>\n\t\t\t\t<\/div>\n\t\t","protected":false},"excerpt":{"rendered":"<p>Vision &amp; promesse Fond\u00e9e par des experts du conseil et de l\u2019accompagnement international, SERELYA s\u2019adresse aux patients qui cherchent une alternative d\u2019excellence pour leurs soins d\u2019esth\u00e9tique, dentaires, ophtalmologiques et de m\u00e9decine esth\u00e9tique.Nous collaborons exclusivement avec des cliniques certifi\u00e9es, des m\u00e9decins de renomm\u00e9e et des partenaires h\u00f4teliers haut de gamme. Notre r\u00f4le\u00a0 S\u00e9lection des meilleures options [&hellip;]<\/p>\n","protected":false},"author":1,"featured_media":0,"parent":0,"menu_order":0,"comment_status":"closed","ping_status":"closed","template":"","meta":{"site-sidebar-layout":"no-sidebar","site-content-layout":"page-builder","ast-site-content-layout":"full-width-container","site-content-style":"unboxed","site-sidebar-style":"unboxed","ast-global-header-display":"","ast-banner-title-visibility":"","ast-main-header-display":"","ast-hfb-above-header-display":"","ast-hfb-below-header-display":"","ast-hfb-mobile-header-display":"","site-post-title":"disabled","ast-breadcrumbs-content":"","ast-featured-img":"disabled","footer-sml-layout":"","ast-disable-related-posts":"","theme-transparent-header-meta":"","adv-header-id-meta":"","stick-header-meta":"","header-above-stick-meta":"","header-main-stick-meta":"","header-below-stick-meta":"","astra-migrate-meta-layouts":"set","ast-page-background-enabled":"default","ast-page-background-meta":null,"ast-content-background-meta":null,"footnotes":""},"class_list":["post-229","page","type-page","status-publish","hentry"],"_links":{"self":[{"href":"https:\/\/serelya-africa.net\/index.php\/wp-json\/wp\/v2\/pages\/229","targetHints":{"allow":["GET"]}}],"collection":[{"href":"https:\/\/serelya-africa.net\/index.php\/wp-json\/wp\/v2\/pages"}],"about":[{"href":"https:\/\/serelya-africa.net\/index.php\/wp-json\/wp\/v2\/types\/page"}],"author":[{"embeddable":true,"href":"https:\/\/serelya-africa.net\/index.php\/wp-json\/wp\/v2\/users\/1"}],"replies":[{"embeddable":true,"href":"https:\/\/serelya-africa.net\/index.php\/wp-json\/wp\/v2\/comments?post=229"}],"version-history":[{"count":10,"href":"https:\/\/serelya-africa.net\/index.php\/wp-json\/wp\/v2\/pages\/229\/revisions"}],"predecessor-version":[{"id":673,"href":"https:\/\/serelya-africa.net\/index.php\/wp-json\/wp\/v2\/pages\/229\/revisions\/673"}],"wp:attachment":[{"href":"https:\/\/serelya-africa.net\/index.php\/wp-json\/wp\/v2\/media?parent=229"}],"curies":[{"name":"wp","href":"https:\/\/api.w.org\/{rel}","templated":true}]}}